{"id":70,"date":"2023-04-16T21:28:17","date_gmt":"2023-04-16T21:28:17","guid":{"rendered":"https:\/\/leopolda.be\/produit\/pastis-1865-50\/"},"modified":"2023-04-19T19:55:04","modified_gmt":"2023-04-19T19:55:04","slug":"pastis-1865-by-leopolda","status":"publish","type":"product","link":"https:\/\/leopolda.be\/fr\/produit\/pastis-1865-by-leopolda\/","title":{"rendered":"Pastis 1865 by L\u00e9opolda"},"content":{"rendered":"<p>Le Pastis 1865 de L\u00e9opolda est un Pastis belge d&rsquo;exception ayant remport\u00e9 la Grande M\u00e9daille d&rsquo;Or au Concours Mondial de Bruxelles 2022. Avec une teneur en alcool de 50%, ce pastis est l&rsquo;\u00e9quilibre parfait entre intensit\u00e9 et complexit\u00e9.<\/p>\n<p>Ce produit traditionnel et artisanal est le fruit d&rsquo;une collaboration avec la distillerie Dr. Clyde de Trois-Ponts, qui a choisi de distiller ce pastis sans ajout d&rsquo;ar\u00f4mes ni de colorants, exclusivement \u00e0 partir de plantes naturelles. Le r\u00e9sultat est une liqueur authentique et de grande qualit\u00e9, qui \u00e9voque parfaitement l&rsquo;\u00e9poque de la Belgique L\u00e9opoldienne.<\/p>\n<p>Chaque gorg\u00e9e de ce pastis belge vous transporte dans un monde de saveurs intenses et subtiles. Les notes d&rsquo;anis doux, de fenouil frais et de r\u00e9glisse se m\u00ealent harmonieusement, tandis que les subtiles nuances de citron et d&rsquo;agrumes apportent une touche de fra\u00eecheur. Sa couleur jaune dor\u00e9 et sa texture soyeuse s&rsquo;ajoutent \u00e0 l&rsquo;exp\u00e9rience gustative unique offerte par ce produit exceptionnel.<\/p>\n<p>Que vous soyez un amateur de pastis ou un connaisseur de liqueurs artisanales, le Pastis 1865 de L\u00e9opolda est un choix id\u00e9al pour les moments de d\u00e9tente et de convivialit\u00e9. Laissez-vous transporter dans le temps gr\u00e2ce \u00e0 ce pastis de grande intensit\u00e9, qui vous offre une exp\u00e9rience gustative authentique et m\u00e9morable.<\/p>\n<p><img loading=\"lazy\" decoding=\"async\" class=\"alignnone size-medium wp-image-447\" src=\"https:\/\/i0.wp.com\/leopolda.be\/wp-content\/uploads\/2023\/04\/gold-medal.webp?resize=275%2C300&#038;ssl=1\" alt=\"GoldMedal\" width=\"275\" height=\"300\" srcset=\"https:\/\/i0.wp.com\/leopolda.be\/wp-content\/uploads\/2023\/04\/gold-medal.webp?resize=275%2C300&amp;ssl=1 275w, https:\/\/i0.wp.com\/leopolda.be\/wp-content\/uploads\/2023\/04\/gold-medal.webp?w=412&amp;ssl=1 412w\" sizes=\"(max-width: 275px) 100vw, 275px\" data-recalc-dims=\"1\" \/> <img loading=\"lazy\" decoding=\"async\" class=\"alignnone size-medium wp-image-444\" src=\"https:\/\/i0.wp.com\/leopolda.be\/wp-content\/uploads\/2023\/04\/PastisLeopoldaLabel.webp?resize=230%2C300&#038;ssl=1\" alt=\"PastisLeopoldaLabel\" width=\"230\" height=\"300\" srcset=\"https:\/\/i0.wp.com\/leopolda.be\/wp-content\/uploads\/2023\/04\/PastisLeopoldaLabel.webp?resize=230%2C300&amp;ssl=1 230w, https:\/\/i0.wp.com\/leopolda.be\/wp-content\/uploads\/2023\/04\/PastisLeopoldaLabel.webp?resize=784%2C1024&amp;ssl=1 784w, https:\/\/i0.wp.com\/leopolda.be\/wp-content\/uploads\/2023\/04\/PastisLeopoldaLabel.webp?resize=768%2C1003&amp;ssl=1 768w, https:\/\/i0.wp.com\/leopolda.be\/wp-content\/uploads\/2023\/04\/PastisLeopoldaLabel.webp?resize=600%2C783&amp;ssl=1 600w, https:\/\/i0.wp.com\/leopolda.be\/wp-content\/uploads\/2023\/04\/PastisLeopoldaLabel.webp?w=995&amp;ssl=1 995w\" sizes=\"(max-width: 230px) 100vw, 230px\" data-recalc-dims=\"1\" \/><\/p>\n<p>&nbsp;<\/p>\n","protected":false},"excerpt":{"rendered":"<p>Pastis belge ayant obtenu la Grand M\u00e9daille d&rsquo;Or au Concours Mondial de Bruxelles 2022<\/p>\n","protected":false},"featured_media":97,"comment_status":"open","ping_status":"closed","template":"","meta":[],"product_cat":[47],"product_tag":[53],"jetpack_sharing_enabled":true,"_links":{"self":[{"href":"https:\/\/leopolda.be\/fr\/wp-json\/wp\/v2\/product\/70"}],"collection":[{"href":"https:\/\/leopolda.be\/fr\/wp-json\/wp\/v2\/product"}],"about":[{"href":"https:\/\/leopolda.be\/fr\/wp-json\/wp\/v2\/types\/product"}],"replies":[{"embeddable":true,"href":"https:\/\/leopolda.be\/fr\/wp-json\/wp\/v2\/comments?post=70"}],"wp:featuredmedia":[{"embeddable":true,"href":"https:\/\/leopolda.be\/fr\/wp-json\/wp\/v2\/media\/97"}],"wp:attachment":[{"href":"https:\/\/leopolda.be\/fr\/wp-json\/wp\/v2\/media?parent=70"}],"wp:term":[{"taxonomy":"product_cat","embeddable":true,"href":"https:\/\/leopolda.be\/fr\/wp-json\/wp\/v2\/product_cat?post=70"},{"taxonomy":"product_tag","embeddable":true,"href":"https:\/\/leopolda.be\/fr\/wp-json\/wp\/v2\/product_tag?post=70"}],"curies":[{"name":"wp","href":"https:\/\/api.w.org\/{rel}","templated":true}]}}